{"id":829,"date":"2020-12-13T16:48:45","date_gmt":"2020-12-13T16:48:45","guid":{"rendered":"https:\/\/www.aki.com.ec\/catalogo-ropa\/product\/pantalon-2\/"},"modified":"2020-12-18T19:03:47","modified_gmt":"2020-12-18T19:03:47","slug":"pantalon-2","status":"publish","type":"product","link":"https:\/\/www.aki.com.ec\/catalogo-ropa\/product\/pantalon-2\/","title":{"rendered":"PANTAL\u00d3N NI\u00d1O GABARDINA CON BOLSILLOS ,CINTURA EL\u00c1STICA COLOR VINO"},"content":{"rendered":"<p>PANTAL\u00d3N GABARDINA, CON BOLSILLOS ,CINTURA ELASTICA COLOR VINO<\/p>\n","protected":false},"excerpt":{"rendered":"<p>PANTAL\u00d3N NI\u00d1O GABARDINA<\/p>\n","protected":false},"featured_media":1126,"template":"","meta":[],"class_list":["post-829","product","type-product","status-publish","has-post-thumbnail","hentry","product_cat-casual-home-ninos","product_cat-ninos","product_cat-outfit-nino","product_cat-pantalon-ninos","product_tag-casual","product_tag-home"],"_links":{"self":[{"href":"https:\/\/www.aki.com.ec\/catalogo-ropa\/wp-json\/wp\/v2\/product\/829","targetHints":{"allow":["GET"]}}],"collection":[{"href":"https:\/\/www.aki.com.ec\/catalogo-ropa\/wp-json\/wp\/v2\/product"}],"about":[{"href":"https:\/\/www.aki.com.ec\/catalogo-ropa\/wp-json\/wp\/v2\/types\/product"}],"wp:featuredmedia":[{"embeddable":true,"href":"https:\/\/www.aki.com.ec\/catalogo-ropa\/wp-json\/wp\/v2\/media\/1126"}],"wp:attachment":[{"href":"https:\/\/www.aki.com.ec\/catalogo-ropa\/wp-json\/wp\/v2\/media?parent=829"}],"curies":[{"name":"wp","href":"https:\/\/api.w.org\/{rel}","templated":true}]}}