{"id":1228,"date":"2020-12-17T02:26:00","date_gmt":"2020-12-17T02:26:00","guid":{"rendered":"https:\/\/www.aki.com.ec\/catalogo-ropa\/product\/camiseta-basica-mostaza-cuello-redondo\/"},"modified":"2020-12-18T11:59:34","modified_gmt":"2020-12-18T11:59:34","slug":"camiseta-basica-mostaza-cuello-redondo","status":"publish","type":"product","link":"https:\/\/www.aki.com.ec\/catalogo-ropa\/product\/camiseta-basica-mostaza-cuello-redondo\/","title":{"rendered":"CAMISETA NI\u00d1O B\u00c1SICA MOSTAZA CUELLO REDONDO"},"content":{"rendered":"","protected":false},"excerpt":{"rendered":"<p>CAMISETA NI\u00d1O B\u00c1SICA MOSTAZA<\/p>\n","protected":false},"featured_media":1227,"template":"","meta":[],"class_list":["post-1228","product","type-product","status-publish","has-post-thumbnail","hentry","product_cat-camiseta-ninos","product_cat-informal","product_cat-ninos","product_cat-outfit-nino","product_tag-home","product_tag-informal"],"_links":{"self":[{"href":"https:\/\/www.aki.com.ec\/catalogo-ropa\/wp-json\/wp\/v2\/product\/1228","targetHints":{"allow":["GET"]}}],"collection":[{"href":"https:\/\/www.aki.com.ec\/catalogo-ropa\/wp-json\/wp\/v2\/product"}],"about":[{"href":"https:\/\/www.aki.com.ec\/catalogo-ropa\/wp-json\/wp\/v2\/types\/product"}],"wp:featuredmedia":[{"embeddable":true,"href":"https:\/\/www.aki.com.ec\/catalogo-ropa\/wp-json\/wp\/v2\/media\/1227"}],"wp:attachment":[{"href":"https:\/\/www.aki.com.ec\/catalogo-ropa\/wp-json\/wp\/v2\/media?parent=1228"}],"curies":[{"name":"wp","href":"https:\/\/api.w.org\/{rel}","templated":true}]}}