{"id":1162,"date":"2020-12-17T02:23:41","date_gmt":"2020-12-17T02:23:41","guid":{"rendered":"https:\/\/www.aki.com.ec\/catalogo-ropa\/product\/pantalon-plomo-estampado-con-estrellas-de-puno-y-cintura-elastica\/"},"modified":"2020-12-18T19:55:23","modified_gmt":"2020-12-18T19:55:23","slug":"pantalon-plomo-estampado-con-estrellas-de-puno-y-cintura-elastica","status":"publish","type":"product","link":"https:\/\/www.aki.com.ec\/catalogo-ropa\/product\/pantalon-plomo-estampado-con-estrellas-de-puno-y-cintura-elastica\/","title":{"rendered":"PANTAL\u00d3N PLOMO ESTAMPADO CON ESTRELLAS DE PU\u00d1O Y CINTURA EL\u00c1STICA"},"content":{"rendered":"","protected":false},"excerpt":{"rendered":"<p>PANTAL\u00d3N PLOMO ESTAMPADO CON ESTRELLAS<\/p>\n","protected":false},"featured_media":1161,"template":"","meta":[],"class_list":["post-1162","product","type-product","status-publish","has-post-thumbnail","hentry","product_cat-mujer","product_cat-pijama","product_tag-pijama"],"_links":{"self":[{"href":"https:\/\/www.aki.com.ec\/catalogo-ropa\/wp-json\/wp\/v2\/product\/1162","targetHints":{"allow":["GET"]}}],"collection":[{"href":"https:\/\/www.aki.com.ec\/catalogo-ropa\/wp-json\/wp\/v2\/product"}],"about":[{"href":"https:\/\/www.aki.com.ec\/catalogo-ropa\/wp-json\/wp\/v2\/types\/product"}],"wp:featuredmedia":[{"embeddable":true,"href":"https:\/\/www.aki.com.ec\/catalogo-ropa\/wp-json\/wp\/v2\/media\/1161"}],"wp:attachment":[{"href":"https:\/\/www.aki.com.ec\/catalogo-ropa\/wp-json\/wp\/v2\/media?parent=1162"}],"curies":[{"name":"wp","href":"https:\/\/api.w.org\/{rel}","templated":true}]}}