{"id":1158,"date":"2020-12-17T02:23:33","date_gmt":"2020-12-17T02:23:33","guid":{"rendered":"https:\/\/www.aki.com.ec\/catalogo-ropa\/product\/pantalon-recto-azul-con-bolsillos-laterales-y-pretina-para-cinturon\/"},"modified":"2020-12-18T19:56:04","modified_gmt":"2020-12-18T19:56:04","slug":"pantalon-recto-azul-con-bolsillos-laterales-y-pretina-para-cinturon","status":"publish","type":"product","link":"https:\/\/www.aki.com.ec\/catalogo-ropa\/product\/pantalon-recto-azul-con-bolsillos-laterales-y-pretina-para-cinturon\/","title":{"rendered":"PANTAL\u00d3N RECTO AZUL, CON BOLSILLOS LATERALES Y PRETINA PARA CINTUR\u00d3N"},"content":{"rendered":"","protected":false},"excerpt":{"rendered":"<p>PANTAL\u00d3N RECTO AZUL<\/p>\n","protected":false},"featured_media":1157,"template":"","meta":[],"class_list":["post-1158","product","type-product","status-publish","has-post-thumbnail","hentry","product_cat-formal-3","product_cat-mujer","product_cat-pantalon-mujer","product_tag-casual"],"_links":{"self":[{"href":"https:\/\/www.aki.com.ec\/catalogo-ropa\/wp-json\/wp\/v2\/product\/1158","targetHints":{"allow":["GET"]}}],"collection":[{"href":"https:\/\/www.aki.com.ec\/catalogo-ropa\/wp-json\/wp\/v2\/product"}],"about":[{"href":"https:\/\/www.aki.com.ec\/catalogo-ropa\/wp-json\/wp\/v2\/types\/product"}],"wp:featuredmedia":[{"embeddable":true,"href":"https:\/\/www.aki.com.ec\/catalogo-ropa\/wp-json\/wp\/v2\/media\/1157"}],"wp:attachment":[{"href":"https:\/\/www.aki.com.ec\/catalogo-ropa\/wp-json\/wp\/v2\/media?parent=1158"}],"curies":[{"name":"wp","href":"https:\/\/api.w.org\/{rel}","templated":true}]}}