{"id":1144,"date":"2020-12-17T02:23:03","date_gmt":"2020-12-17T02:23:03","guid":{"rendered":"https:\/\/www.aki.com.ec\/catalogo-ropa\/product\/pantalon-balnco-tipo-leggins-tubo-con-cintura-elastica\/"},"modified":"2020-12-18T04:32:25","modified_gmt":"2020-12-18T04:32:25","slug":"pantalon-balnco-tipo-leggins-tubo-con-cintura-elastica","status":"publish","type":"product","link":"https:\/\/www.aki.com.ec\/catalogo-ropa\/product\/pantalon-balnco-tipo-leggins-tubo-con-cintura-elastica\/","title":{"rendered":"PANTAL\u00d3N BLANCO TIPO LEGGINS TUBO CON CINTURA EL\u00c1STICA"},"content":{"rendered":"","protected":false},"excerpt":{"rendered":"<p>PANTAL\u00d3N LEGGINS BLANCO TUBO<\/p>\n","protected":false},"featured_media":1143,"template":"","meta":[],"class_list":["post-1144","product","type-product","status-publish","has-post-thumbnail","hentry","product_cat-casual","product_cat-formal-4","product_cat-mujer","product_cat-pantalon-mujer","product_tag-casual","product_tag-home"],"_links":{"self":[{"href":"https:\/\/www.aki.com.ec\/catalogo-ropa\/wp-json\/wp\/v2\/product\/1144","targetHints":{"allow":["GET"]}}],"collection":[{"href":"https:\/\/www.aki.com.ec\/catalogo-ropa\/wp-json\/wp\/v2\/product"}],"about":[{"href":"https:\/\/www.aki.com.ec\/catalogo-ropa\/wp-json\/wp\/v2\/types\/product"}],"wp:featuredmedia":[{"embeddable":true,"href":"https:\/\/www.aki.com.ec\/catalogo-ropa\/wp-json\/wp\/v2\/media\/1143"}],"wp:attachment":[{"href":"https:\/\/www.aki.com.ec\/catalogo-ropa\/wp-json\/wp\/v2\/media?parent=1144"}],"curies":[{"name":"wp","href":"https:\/\/api.w.org\/{rel}","templated":true}]}}