{"id":1092,"date":"2024-06-20T03:07:49","date_gmt":"2024-06-20T03:07:49","guid":{"rendered":"https:\/\/www.aki.com.ec\/catalogo-familia-2024\/?post_type=product&#038;p=1092"},"modified":"2024-07-17T16:46:37","modified_gmt":"2024-07-17T16:46:37","slug":"chaleco-tipo-funda-acolchado-talla-pequena-boriken","status":"publish","type":"product","link":"https:\/\/www.aki.com.ec\/catalogo-familia-2024\/index.php\/product\/chaleco-tipo-funda-acolchado-talla-pequena-boriken\/","title":{"rendered":"Chaleco Tipo Funda Acolchado Talla Peque\u00f1a Boriken"},"content":{"rendered":"","protected":false},"excerpt":{"rendered":"<p>El chaleco tipo funda acolchado para dama es una prenda vers\u00e1til y funcional que combina estilo y comodidad. Con su dise\u00f1o acolchado, proporciona un aspecto elegante y a la vez brinda un extra de abrigo en d\u00edas frescos. Ideal para complementar cualquier atuendo casual o deportivo, este chaleco es una excelente opci\u00f3n para mantenerse abrigada y a la moda en diversas ocasiones, Color: Beige<\/p>\n<p><a href=\"https:\/\/tipti.page.link\/dxcA\" target=\"_blank\" rel=\"noopener\"><img decoding=\"async\" class=\"alignnone wp-image-1300 size-full\" src=\"https:\/\/www.aki.com.ec\/catalogo-familia-2024\/wp-content\/uploads\/2024\/06\/CompraTipti.svg\" alt=\"\" width=\"200\" height=\"50\" \/><\/a><\/p>\n<p>C\u00d3D: 197639023590.<\/p>\n","protected":false},"featured_media":1090,"comment_status":"closed","ping_status":"closed","template":"","meta":[],"product_cat":[14],"product_tag":[],"class_list":{"0":"post-1092","1":"product","2":"type-product","3":"status-publish","4":"has-post-thumbnail","6":"product_cat-mujer","8":"first","9":"instock","10":"shipping-taxable","11":"purchasable","12":"product-type-simple"},"_links":{"self":[{"href":"https:\/\/www.aki.com.ec\/catalogo-familia-2024\/index.php\/wp-json\/wp\/v2\/product\/1092","targetHints":{"allow":["GET"]}}],"collection":[{"href":"https:\/\/www.aki.com.ec\/catalogo-familia-2024\/index.php\/wp-json\/wp\/v2\/product"}],"about":[{"href":"https:\/\/www.aki.com.ec\/catalogo-familia-2024\/index.php\/wp-json\/wp\/v2\/types\/product"}],"replies":[{"embeddable":true,"href":"https:\/\/www.aki.com.ec\/catalogo-familia-2024\/index.php\/wp-json\/wp\/v2\/comments?post=1092"}],"version-history":[{"count":2,"href":"https:\/\/www.aki.com.ec\/catalogo-familia-2024\/index.php\/wp-json\/wp\/v2\/product\/1092\/revisions"}],"predecessor-version":[{"id":1320,"href":"https:\/\/www.aki.com.ec\/catalogo-familia-2024\/index.php\/wp-json\/wp\/v2\/product\/1092\/revisions\/1320"}],"wp:featuredmedia":[{"embeddable":true,"href":"https:\/\/www.aki.com.ec\/catalogo-familia-2024\/index.php\/wp-json\/wp\/v2\/media\/1090"}],"wp:attachment":[{"href":"https:\/\/www.aki.com.ec\/catalogo-familia-2024\/index.php\/wp-json\/wp\/v2\/media?parent=1092"}],"wp:term":[{"taxonomy":"product_cat","embeddable":true,"href":"https:\/\/www.aki.com.ec\/catalogo-familia-2024\/index.php\/wp-json\/wp\/v2\/product_cat?post=1092"},{"taxonomy":"product_tag","embeddable":true,"href":"https:\/\/www.aki.com.ec\/catalogo-familia-2024\/index.php\/wp-json\/wp\/v2\/product_tag?post=1092"}],"curies":[{"name":"wp","href":"https:\/\/api.w.org\/{rel}","templated":true}]}}