{"id":978,"date":"2022-05-02T23:54:30","date_gmt":"2022-05-02T23:54:30","guid":{"rendered":"https:\/\/www.aki.com.ec\/catalogo-familia-2022\/?post_type=product&#038;p=978"},"modified":"2022-05-03T22:23:29","modified_gmt":"2022-05-03T22:23:29","slug":"cardigan","status":"publish","type":"product","link":"https:\/\/www.aki.com.ec\/catalogo-familia-2022\/index.php\/product\/cardigan\/","title":{"rendered":"C\u00e1rdigan"},"content":{"rendered":"","protected":false},"excerpt":{"rendered":"<p>C\u00e1rdigan con una silueta amplia que realzan su estilo sencillo y pr\u00e1ctico.<\/p>\n","protected":false},"featured_media":979,"comment_status":"closed","ping_status":"closed","template":"","meta":[],"product_cat":[44],"product_tag":[60],"class_list":["post-978","product","type-product","status-publish","has-post-thumbnail","hentry","product_cat-profesional","product_tag-look-profesional-1"],"_links":{"self":[{"href":"https:\/\/www.aki.com.ec\/catalogo-familia-2022\/index.php\/wp-json\/wp\/v2\/product\/978","targetHints":{"allow":["GET"]}}],"collection":[{"href":"https:\/\/www.aki.com.ec\/catalogo-familia-2022\/index.php\/wp-json\/wp\/v2\/product"}],"about":[{"href":"https:\/\/www.aki.com.ec\/catalogo-familia-2022\/index.php\/wp-json\/wp\/v2\/types\/product"}],"replies":[{"embeddable":true,"href":"https:\/\/www.aki.com.ec\/catalogo-familia-2022\/index.php\/wp-json\/wp\/v2\/comments?post=978"}],"version-history":[{"count":1,"href":"https:\/\/www.aki.com.ec\/catalogo-familia-2022\/index.php\/wp-json\/wp\/v2\/product\/978\/revisions"}],"predecessor-version":[{"id":980,"href":"https:\/\/www.aki.com.ec\/catalogo-familia-2022\/index.php\/wp-json\/wp\/v2\/product\/978\/revisions\/980"}],"wp:featuredmedia":[{"embeddable":true,"href":"https:\/\/www.aki.com.ec\/catalogo-familia-2022\/index.php\/wp-json\/wp\/v2\/media\/979"}],"wp:attachment":[{"href":"https:\/\/www.aki.com.ec\/catalogo-familia-2022\/index.php\/wp-json\/wp\/v2\/media?parent=978"}],"wp:term":[{"taxonomy":"product_cat","embeddable":true,"href":"https:\/\/www.aki.com.ec\/catalogo-familia-2022\/index.php\/wp-json\/wp\/v2\/product_cat?post=978"},{"taxonomy":"product_tag","embeddable":true,"href":"https:\/\/www.aki.com.ec\/catalogo-familia-2022\/index.php\/wp-json\/wp\/v2\/product_tag?post=978"}],"curies":[{"name":"wp","href":"https:\/\/api.w.org\/{rel}","templated":true}]}}