{"id":783,"date":"2022-05-02T02:56:34","date_gmt":"2022-05-02T02:56:34","guid":{"rendered":"https:\/\/www.aki.com.ec\/catalogo-familia-2022\/?post_type=product&#038;p=783"},"modified":"2022-05-03T22:19:45","modified_gmt":"2022-05-03T22:19:45","slug":"zapatos-blancos-rosa","status":"publish","type":"product","link":"https:\/\/www.aki.com.ec\/catalogo-familia-2022\/index.php\/product\/zapatos-blancos-rosa\/","title":{"rendered":"Zapatos blancos rosa"},"content":{"rendered":"","protected":false},"excerpt":{"rendered":"<p>\u00a1Con vestidos, pantal\u00f3n o shorts! modelo vers\u00e1til que definitivamente no podr\u00e1n faltarte.<\/p>\n","protected":false},"featured_media":821,"comment_status":"closed","ping_status":"closed","template":"","meta":[],"product_cat":[45,46],"product_tag":[56,59],"class_list":["post-783","product","type-product","status-publish","has-post-thumbnail","hentry","product_cat-denim","product_cat-basic","product_tag-look-basic-1","product_tag-look-denim-2"],"_links":{"self":[{"href":"https:\/\/www.aki.com.ec\/catalogo-familia-2022\/index.php\/wp-json\/wp\/v2\/product\/783","targetHints":{"allow":["GET"]}}],"collection":[{"href":"https:\/\/www.aki.com.ec\/catalogo-familia-2022\/index.php\/wp-json\/wp\/v2\/product"}],"about":[{"href":"https:\/\/www.aki.com.ec\/catalogo-familia-2022\/index.php\/wp-json\/wp\/v2\/types\/product"}],"replies":[{"embeddable":true,"href":"https:\/\/www.aki.com.ec\/catalogo-familia-2022\/index.php\/wp-json\/wp\/v2\/comments?post=783"}],"version-history":[{"count":1,"href":"https:\/\/www.aki.com.ec\/catalogo-familia-2022\/index.php\/wp-json\/wp\/v2\/product\/783\/revisions"}],"predecessor-version":[{"id":785,"href":"https:\/\/www.aki.com.ec\/catalogo-familia-2022\/index.php\/wp-json\/wp\/v2\/product\/783\/revisions\/785"}],"wp:featuredmedia":[{"embeddable":true,"href":"https:\/\/www.aki.com.ec\/catalogo-familia-2022\/index.php\/wp-json\/wp\/v2\/media\/821"}],"wp:attachment":[{"href":"https:\/\/www.aki.com.ec\/catalogo-familia-2022\/index.php\/wp-json\/wp\/v2\/media?parent=783"}],"wp:term":[{"taxonomy":"product_cat","embeddable":true,"href":"https:\/\/www.aki.com.ec\/catalogo-familia-2022\/index.php\/wp-json\/wp\/v2\/product_cat?post=783"},{"taxonomy":"product_tag","embeddable":true,"href":"https:\/\/www.aki.com.ec\/catalogo-familia-2022\/index.php\/wp-json\/wp\/v2\/product_tag?post=783"}],"curies":[{"name":"wp","href":"https:\/\/api.w.org\/{rel}","templated":true}]}}