{"id":756,"date":"2022-05-01T22:34:59","date_gmt":"2022-05-01T22:34:59","guid":{"rendered":"https:\/\/www.aki.com.ec\/catalogo-familia-2022\/?post_type=product&#038;p=756"},"modified":"2022-05-03T23:30:53","modified_gmt":"2022-05-03T23:30:53","slug":"vestido-blanco-con-flores","status":"publish","type":"product","link":"https:\/\/www.aki.com.ec\/catalogo-familia-2022\/index.php\/product\/vestido-blanco-con-flores\/","title":{"rendered":"Vestido blanco con flores"},"content":{"rendered":"","protected":false},"excerpt":{"rendered":"<p>Vestido largo que podr\u00e1s combinar con tus tacones o sandalias favoritas seg\u00fan la ocasi\u00f3n.<\/p>\n","protected":false},"featured_media":757,"comment_status":"closed","ping_status":"closed","template":"","meta":[],"product_cat":[43],"product_tag":[66],"class_list":["post-756","product","type-product","status-publish","has-post-thumbnail","hentry","product_cat-moderna","product_tag-look-moderna-3"],"_links":{"self":[{"href":"https:\/\/www.aki.com.ec\/catalogo-familia-2022\/index.php\/wp-json\/wp\/v2\/product\/756","targetHints":{"allow":["GET"]}}],"collection":[{"href":"https:\/\/www.aki.com.ec\/catalogo-familia-2022\/index.php\/wp-json\/wp\/v2\/product"}],"about":[{"href":"https:\/\/www.aki.com.ec\/catalogo-familia-2022\/index.php\/wp-json\/wp\/v2\/types\/product"}],"replies":[{"embeddable":true,"href":"https:\/\/www.aki.com.ec\/catalogo-familia-2022\/index.php\/wp-json\/wp\/v2\/comments?post=756"}],"version-history":[{"count":1,"href":"https:\/\/www.aki.com.ec\/catalogo-familia-2022\/index.php\/wp-json\/wp\/v2\/product\/756\/revisions"}],"predecessor-version":[{"id":758,"href":"https:\/\/www.aki.com.ec\/catalogo-familia-2022\/index.php\/wp-json\/wp\/v2\/product\/756\/revisions\/758"}],"wp:featuredmedia":[{"embeddable":true,"href":"https:\/\/www.aki.com.ec\/catalogo-familia-2022\/index.php\/wp-json\/wp\/v2\/media\/757"}],"wp:attachment":[{"href":"https:\/\/www.aki.com.ec\/catalogo-familia-2022\/index.php\/wp-json\/wp\/v2\/media?parent=756"}],"wp:term":[{"taxonomy":"product_cat","embeddable":true,"href":"https:\/\/www.aki.com.ec\/catalogo-familia-2022\/index.php\/wp-json\/wp\/v2\/product_cat?post=756"},{"taxonomy":"product_tag","embeddable":true,"href":"https:\/\/www.aki.com.ec\/catalogo-familia-2022\/index.php\/wp-json\/wp\/v2\/product_tag?post=756"}],"curies":[{"name":"wp","href":"https:\/\/api.w.org\/{rel}","templated":true}]}}