{"id":1537,"date":"2022-05-30T02:25:42","date_gmt":"2022-05-30T02:25:42","guid":{"rendered":"https:\/\/www.aki.com.ec\/catalogo-familia-2022\/?post_type=product&#038;p=1537"},"modified":"2022-05-30T02:26:35","modified_gmt":"2022-05-30T02:26:35","slug":"pantalon-azul","status":"publish","type":"product","link":"https:\/\/www.aki.com.ec\/catalogo-familia-2022\/index.php\/product\/pantalon-azul\/","title":{"rendered":"Pantal\u00f3n azul"},"content":{"rendered":"","protected":false},"excerpt":{"rendered":"<p>Pantal\u00f3n esencial que contrastar\u00e1 con tus prendas altas favoritas.<\/p>\n","protected":false},"featured_media":1538,"comment_status":"closed","ping_status":"closed","template":"","meta":[],"product_cat":[84],"product_tag":[],"class_list":["post-1537","product","type-product","status-publish","has-post-thumbnail","hentry","product_cat-tips-de-moda-para-papa"],"_links":{"self":[{"href":"https:\/\/www.aki.com.ec\/catalogo-familia-2022\/index.php\/wp-json\/wp\/v2\/product\/1537","targetHints":{"allow":["GET"]}}],"collection":[{"href":"https:\/\/www.aki.com.ec\/catalogo-familia-2022\/index.php\/wp-json\/wp\/v2\/product"}],"about":[{"href":"https:\/\/www.aki.com.ec\/catalogo-familia-2022\/index.php\/wp-json\/wp\/v2\/types\/product"}],"replies":[{"embeddable":true,"href":"https:\/\/www.aki.com.ec\/catalogo-familia-2022\/index.php\/wp-json\/wp\/v2\/comments?post=1537"}],"version-history":[{"count":1,"href":"https:\/\/www.aki.com.ec\/catalogo-familia-2022\/index.php\/wp-json\/wp\/v2\/product\/1537\/revisions"}],"predecessor-version":[{"id":1539,"href":"https:\/\/www.aki.com.ec\/catalogo-familia-2022\/index.php\/wp-json\/wp\/v2\/product\/1537\/revisions\/1539"}],"wp:featuredmedia":[{"embeddable":true,"href":"https:\/\/www.aki.com.ec\/catalogo-familia-2022\/index.php\/wp-json\/wp\/v2\/media\/1538"}],"wp:attachment":[{"href":"https:\/\/www.aki.com.ec\/catalogo-familia-2022\/index.php\/wp-json\/wp\/v2\/media?parent=1537"}],"wp:term":[{"taxonomy":"product_cat","embeddable":true,"href":"https:\/\/www.aki.com.ec\/catalogo-familia-2022\/index.php\/wp-json\/wp\/v2\/product_cat?post=1537"},{"taxonomy":"product_tag","embeddable":true,"href":"https:\/\/www.aki.com.ec\/catalogo-familia-2022\/index.php\/wp-json\/wp\/v2\/product_tag?post=1537"}],"curies":[{"name":"wp","href":"https:\/\/api.w.org\/{rel}","templated":true}]}}