{"id":1292,"date":"2022-05-23T22:20:54","date_gmt":"2022-05-23T22:20:54","guid":{"rendered":"https:\/\/www.aki.com.ec\/catalogo-familia-2022\/?post_type=product&#038;p=1292"},"modified":"2022-05-23T22:47:19","modified_gmt":"2022-05-23T22:47:19","slug":"medias-botin-fancy-relax","status":"publish","type":"product","link":"https:\/\/www.aki.com.ec\/catalogo-familia-2022\/index.php\/product\/medias-botin-fancy-relax\/","title":{"rendered":"Medias bot\u00edn fancy relax"},"content":{"rendered":"","protected":false},"excerpt":{"rendered":"<p>Medias grises tipo bot\u00edn con estampado de le\u00f3n.<\/p>\n","protected":false},"featured_media":1293,"comment_status":"closed","ping_status":"closed","template":"","meta":[],"product_cat":[76],"product_tag":[],"class_list":["post-1292","product","type-product","status-publish","has-post-thumbnail","hentry","product_cat-nuevos-looks-para-los-bebes-de-la-familia"],"_links":{"self":[{"href":"https:\/\/www.aki.com.ec\/catalogo-familia-2022\/index.php\/wp-json\/wp\/v2\/product\/1292","targetHints":{"allow":["GET"]}}],"collection":[{"href":"https:\/\/www.aki.com.ec\/catalogo-familia-2022\/index.php\/wp-json\/wp\/v2\/product"}],"about":[{"href":"https:\/\/www.aki.com.ec\/catalogo-familia-2022\/index.php\/wp-json\/wp\/v2\/types\/product"}],"replies":[{"embeddable":true,"href":"https:\/\/www.aki.com.ec\/catalogo-familia-2022\/index.php\/wp-json\/wp\/v2\/comments?post=1292"}],"version-history":[{"count":1,"href":"https:\/\/www.aki.com.ec\/catalogo-familia-2022\/index.php\/wp-json\/wp\/v2\/product\/1292\/revisions"}],"predecessor-version":[{"id":1294,"href":"https:\/\/www.aki.com.ec\/catalogo-familia-2022\/index.php\/wp-json\/wp\/v2\/product\/1292\/revisions\/1294"}],"wp:featuredmedia":[{"embeddable":true,"href":"https:\/\/www.aki.com.ec\/catalogo-familia-2022\/index.php\/wp-json\/wp\/v2\/media\/1293"}],"wp:attachment":[{"href":"https:\/\/www.aki.com.ec\/catalogo-familia-2022\/index.php\/wp-json\/wp\/v2\/media?parent=1292"}],"wp:term":[{"taxonomy":"product_cat","embeddable":true,"href":"https:\/\/www.aki.com.ec\/catalogo-familia-2022\/index.php\/wp-json\/wp\/v2\/product_cat?post=1292"},{"taxonomy":"product_tag","embeddable":true,"href":"https:\/\/www.aki.com.ec\/catalogo-familia-2022\/index.php\/wp-json\/wp\/v2\/product_tag?post=1292"}],"curies":[{"name":"wp","href":"https:\/\/api.w.org\/{rel}","templated":true}]}}