{"id":1017,"date":"2022-05-03T01:44:26","date_gmt":"2022-05-03T01:44:26","guid":{"rendered":"https:\/\/www.aki.com.ec\/catalogo-familia-2022\/?post_type=product&#038;p=1017"},"modified":"2022-05-03T22:31:35","modified_gmt":"2022-05-03T22:31:35","slug":"pantalon-negro-cuerina","status":"publish","type":"product","link":"https:\/\/www.aki.com.ec\/catalogo-familia-2022\/index.php\/product\/pantalon-negro-cuerina\/","title":{"rendered":"Pantal\u00f3n negro cuerina"},"content":{"rendered":"","protected":false},"excerpt":{"rendered":"<p>Pantal\u00f3n infaltable en un guardarropa de dama. \u00dasalo tanto para outfits casuales como informales.<\/p>\n","protected":false},"featured_media":1018,"comment_status":"closed","ping_status":"closed","template":"","meta":[],"product_cat":[44],"product_tag":[64],"class_list":["post-1017","product","type-product","status-publish","has-post-thumbnail","hentry","product_cat-profesional","product_tag-look-profesional-5"],"_links":{"self":[{"href":"https:\/\/www.aki.com.ec\/catalogo-familia-2022\/index.php\/wp-json\/wp\/v2\/product\/1017","targetHints":{"allow":["GET"]}}],"collection":[{"href":"https:\/\/www.aki.com.ec\/catalogo-familia-2022\/index.php\/wp-json\/wp\/v2\/product"}],"about":[{"href":"https:\/\/www.aki.com.ec\/catalogo-familia-2022\/index.php\/wp-json\/wp\/v2\/types\/product"}],"replies":[{"embeddable":true,"href":"https:\/\/www.aki.com.ec\/catalogo-familia-2022\/index.php\/wp-json\/wp\/v2\/comments?post=1017"}],"version-history":[{"count":1,"href":"https:\/\/www.aki.com.ec\/catalogo-familia-2022\/index.php\/wp-json\/wp\/v2\/product\/1017\/revisions"}],"predecessor-version":[{"id":1019,"href":"https:\/\/www.aki.com.ec\/catalogo-familia-2022\/index.php\/wp-json\/wp\/v2\/product\/1017\/revisions\/1019"}],"wp:featuredmedia":[{"embeddable":true,"href":"https:\/\/www.aki.com.ec\/catalogo-familia-2022\/index.php\/wp-json\/wp\/v2\/media\/1018"}],"wp:attachment":[{"href":"https:\/\/www.aki.com.ec\/catalogo-familia-2022\/index.php\/wp-json\/wp\/v2\/media?parent=1017"}],"wp:term":[{"taxonomy":"product_cat","embeddable":true,"href":"https:\/\/www.aki.com.ec\/catalogo-familia-2022\/index.php\/wp-json\/wp\/v2\/product_cat?post=1017"},{"taxonomy":"product_tag","embeddable":true,"href":"https:\/\/www.aki.com.ec\/catalogo-familia-2022\/index.php\/wp-json\/wp\/v2\/product_tag?post=1017"}],"curies":[{"name":"wp","href":"https:\/\/api.w.org\/{rel}","templated":true}]}}